{"id":8450,"date":"2021-01-14T09:35:02","date_gmt":"2021-01-14T09:35:02","guid":{"rendered":"https:\/\/mallorcainc.com\/?page_id=8450"},"modified":"2021-01-14T09:35:02","modified_gmt":"2021-01-14T09:35:02","slug":"allgemeine-datenschutzerklaerung","status":"publish","type":"page","link":"https:\/\/mallorcainc.com\/de\/allgemeine-datenschutzerklaerung\/","title":{"rendered":"ALLGEMEINE DATENSCHUTZERKL\u00c4RUNG"},"content":{"rendered":"<p>Hallo,<\/p>\n<p>Vielen Dank f\u00fcr Ihren Besuch auf unserer Website. Wir hoffen, dass wir Ihnen bei Ihrer Anfrage helfen k\u00f6nnen. Wir m\u00f6chten Sie darauf hinweisen, dass wir alle Fragen oder Anfragen so schnell wie m\u00f6glich beantworten und Ihnen andere Informationen zusenden, von denen wir glauben, dass Sie daran interessiert sind. Wir versprechen, Sie nicht mit E-Mails, Telefonanrufen oder Briefen zu bombardieren, und f\u00fchlen Sie sich frei uns jederzeit zu kontaktieren um den Versand zu stoppen, indem Sie uns einfach eine E-Mail an hello@mallorcainc.com senden<\/p>\n<p>Es ist wichtig, Ihnen mitzuteilen, dass wir Ihre Privatsph\u00e4re sehr ernst nehmen und unsere EU-weiten Compliance-Prozesse f\u00fcr die Einhaltung der Datenschutzbestimmungen (DSGVO) abgeschlossen haben. Unabh\u00e4ngig davon, ob Sie mit einem potenziellen Verk\u00e4ufer, K\u00e4ufer, Mieter, Vermieter, Investor, Lieferant oder in irgendeiner Eigenschaft Kontakt zu uns aufnehmen, werden wir sicherstellen, dass Ihre pers\u00f6nlichen Daten sicher aufbewahrt werden. Dies bedeutet, dass wir versprechen, Ihre Daten sicher zu halten und nicht an Dritte weiterzugeben, es sei denn, dies ist erforderlich, um unseren Verpflichtungen gegen\u00fcber Ihnen und unserem Kunden nachzukommen, die Bedingungen unseres Vertrags mit Ihnen zu erf\u00fcllen oder unseren Verpflichtungen gegen\u00fcber unseren Lieferanten, Partnern, Investoren, Vermieter und andere Dritte, jedoch immer, wie Sie es angemessen erwarten w\u00fcrden, mit Ihrer Zustimmung, falls erforderlich, oder gem\u00e4\u00df den gesetzlichen Bestimmungen oder sonstigen Bestimmungen. Wir speichern Ihre Daten nur so lange wie n\u00f6tig und entsorgen alle Daten sicher, wenn sie nicht mehr ben\u00f6tigt werden.<\/p>\n<p>Wir erkennen an, dass wir m\u00f6glicherweise pers\u00f6nliche, sensible Informationen \u00fcber Sie speichern und mit diesen Informationen besondere Vorsichtsma\u00dfnahmen treffen. Wir werden selbstverst\u00e4ndlich Ihre Rechte gem\u00e4\u00df den Datenschutzbestimmungen respektieren, um sicherzustellen, dass Ihre Daten gem\u00e4\u00df den Datenschutzbestimmungen, wie sie in der DSGVO definiert sind, und allen anderen anwendbaren Vorschriften erfasst, verarbeitet und gespeichert werden und jederzeit sicher aufbewahrt werden.<\/p>\n<p>Bitte schauen Sie sich unsere vollst\u00e4ndige Datenschutzerkl\u00e4rung an und nehmen Sie Kontakt mit uns auf, wenn Sie Fragen, Kommentare oder Anfragen haben. Selbstverst\u00e4ndlich senden wir Ihnen Kopien Ihrer Daten zu, l\u00f6schen oder korrigieren Ihre Daten auf Anforderung und handeln stets innerhalb der in der DSGVO festgelegten Regeln. F\u00fcr weitere Informationen und den Zugriff auf die vollst\u00e4ndige Datenschutzerkl\u00e4rung klicken Sie hier https:\/\/mallorcainc.com<\/p>\n<p>Vielen Dank,<\/p>\n<p>Mallorca Inc.<\/p>\n","protected":false},"excerpt":{"rendered":"<p>Hallo, Vielen Dank f\u00fcr Ihren Besuch auf unserer Website. Wir hoffen, dass wir Ihnen bei Ihrer Anfrage helfen k\u00f6nnen. Wir m\u00f6chten Sie darauf hinweisen, dass wir alle Fragen oder Anfragen&#8230;<\/p>\n","protected":false},"author":1,"featured_media":0,"parent":0,"menu_order":0,"comment_status":"closed","ping_status":"closed","template":"","meta":[],"yoast_head":"<!-- This site is optimized with the Yoast SEO plugin v18.4.1 - https:\/\/yoast.com\/wordpress\/plugins\/seo\/ -->\n<title>ALLGEMEINE DATENSCHUTZERKL\u00c4RUNG - Mallorca Inc<\/title>\n<meta name=\"robots\" content=\"index, follow, max-snippet:-1, max-image-preview:large, max-video-preview:-1\" \/>\n<link rel=\"canonical\" href=\"https:\/\/mallorcainc.com\/de\/allgemeine-datenschutzerklaerung\/\" \/>\n<meta property=\"og:locale\" content=\"de_DE\" \/>\n<meta property=\"og:type\" content=\"article\" \/>\n<meta property=\"og:title\" content=\"ALLGEMEINE DATENSCHUTZERKL\u00c4RUNG - Mallorca Inc\" \/>\n<meta property=\"og:description\" content=\"Hallo, Vielen Dank f\u00fcr Ihren Besuch auf unserer Website. Wir hoffen, dass wir Ihnen bei Ihrer Anfrage helfen k\u00f6nnen. Wir m\u00f6chten Sie darauf hinweisen, dass wir alle Fragen oder Anfragen...\" \/>\n<meta property=\"og:url\" content=\"https:\/\/mallorcainc.com\/de\/allgemeine-datenschutzerklaerung\/\" \/>\n<meta property=\"og:site_name\" content=\"Mallorca Inc\" \/>\n<meta name=\"twitter:card\" content=\"summary_large_image\" \/>\n<meta name=\"twitter:label1\" content=\"Gesch\u00e4tzte Lesezeit\" \/>\n\t<meta name=\"twitter:data1\" content=\"2\u00a0Minuten\" \/>\n<script type=\"application\/ld+json\" class=\"yoast-schema-graph\">{\"@context\":\"https:\/\/schema.org\",\"@graph\":[{\"@type\":\"WebSite\",\"@id\":\"https:\/\/mallorcainc.com\/de\/#website\",\"url\":\"https:\/\/mallorcainc.com\/de\/\",\"name\":\"Mallorca Inc\",\"description\":\"Real Estate Mallorca\",\"potentialAction\":[{\"@type\":\"SearchAction\",\"target\":{\"@type\":\"EntryPoint\",\"urlTemplate\":\"https:\/\/mallorcainc.com\/de\/?s={search_term_string}\"},\"query-input\":\"required name=search_term_string\"}],\"inLanguage\":\"de\"},{\"@type\":\"WebPage\",\"@id\":\"https:\/\/mallorcainc.com\/de\/allgemeine-datenschutzerklaerung\/#webpage\",\"url\":\"https:\/\/mallorcainc.com\/de\/allgemeine-datenschutzerklaerung\/\",\"name\":\"ALLGEMEINE DATENSCHUTZERKL\u00c4RUNG - Mallorca Inc\",\"isPartOf\":{\"@id\":\"https:\/\/mallorcainc.com\/de\/#website\"},\"datePublished\":\"2021-01-14T09:35:02+00:00\",\"dateModified\":\"2021-01-14T09:35:02+00:00\",\"breadcrumb\":{\"@id\":\"https:\/\/mallorcainc.com\/de\/allgemeine-datenschutzerklaerung\/#breadcrumb\"},\"inLanguage\":\"de\",\"potentialAction\":[{\"@type\":\"ReadAction\",\"target\":[\"https:\/\/mallorcainc.com\/de\/allgemeine-datenschutzerklaerung\/\"]}]},{\"@type\":\"BreadcrumbList\",\"@id\":\"https:\/\/mallorcainc.com\/de\/allgemeine-datenschutzerklaerung\/#breadcrumb\",\"itemListElement\":[{\"@type\":\"ListItem\",\"position\":1,\"name\":\"Home\",\"item\":\"https:\/\/mallorcainc.com\/de\/\"},{\"@type\":\"ListItem\",\"position\":2,\"name\":\"ALLGEMEINE DATENSCHUTZERKL\u00c4RUNG\"}]}]}<\/script>\n<!-- \/ Yoast SEO plugin. -->","yoast_head_json":{"title":"ALLGEMEINE DATENSCHUTZERKL\u00c4RUNG - Mallorca Inc","robots":{"index":"index","follow":"follow","max-snippet":"max-snippet:-1","max-image-preview":"max-image-preview:large","max-video-preview":"max-video-preview:-1"},"canonical":"https:\/\/mallorcainc.com\/de\/allgemeine-datenschutzerklaerung\/","og_locale":"de_DE","og_type":"article","og_title":"ALLGEMEINE DATENSCHUTZERKL\u00c4RUNG - Mallorca Inc","og_description":"Hallo, Vielen Dank f\u00fcr Ihren Besuch auf unserer Website. Wir hoffen, dass wir Ihnen bei Ihrer Anfrage helfen k\u00f6nnen. Wir m\u00f6chten Sie darauf hinweisen, dass wir alle Fragen oder Anfragen...","og_url":"https:\/\/mallorcainc.com\/de\/allgemeine-datenschutzerklaerung\/","og_site_name":"Mallorca Inc","twitter_card":"summary_large_image","twitter_misc":{"Gesch\u00e4tzte Lesezeit":"2\u00a0Minuten"},"schema":{"@context":"https:\/\/schema.org","@graph":[{"@type":"WebSite","@id":"https:\/\/mallorcainc.com\/de\/#website","url":"https:\/\/mallorcainc.com\/de\/","name":"Mallorca Inc","description":"Real Estate Mallorca","potentialAction":[{"@type":"SearchAction","target":{"@type":"EntryPoint","urlTemplate":"https:\/\/mallorcainc.com\/de\/?s={search_term_string}"},"query-input":"required name=search_term_string"}],"inLanguage":"de"},{"@type":"WebPage","@id":"https:\/\/mallorcainc.com\/de\/allgemeine-datenschutzerklaerung\/#webpage","url":"https:\/\/mallorcainc.com\/de\/allgemeine-datenschutzerklaerung\/","name":"ALLGEMEINE DATENSCHUTZERKL\u00c4RUNG - Mallorca Inc","isPartOf":{"@id":"https:\/\/mallorcainc.com\/de\/#website"},"datePublished":"2021-01-14T09:35:02+00:00","dateModified":"2021-01-14T09:35:02+00:00","breadcrumb":{"@id":"https:\/\/mallorcainc.com\/de\/allgemeine-datenschutzerklaerung\/#breadcrumb"},"inLanguage":"de","potentialAction":[{"@type":"ReadAction","target":["https:\/\/mallorcainc.com\/de\/allgemeine-datenschutzerklaerung\/"]}]},{"@type":"BreadcrumbList","@id":"https:\/\/mallorcainc.com\/de\/allgemeine-datenschutzerklaerung\/#breadcrumb","itemListElement":[{"@type":"ListItem","position":1,"name":"Home","item":"https:\/\/mallorcainc.com\/de\/"},{"@type":"ListItem","position":2,"name":"ALLGEMEINE DATENSCHUTZERKL\u00c4RUNG"}]}]}},"_links":{"self":[{"href":"https:\/\/mallorcainc.com\/de\/wp-json\/wp\/v2\/pages\/8450\/"}],"collection":[{"href":"https:\/\/mallorcainc.com\/de\/wp-json\/wp\/v2\/pages\/"}],"about":[{"href":"https:\/\/mallorcainc.com\/de\/wp-json\/wp\/v2\/types\/page\/"}],"author":[{"embeddable":true,"href":"https:\/\/mallorcainc.com\/de\/wp-json\/wp\/v2\/users\/1\/"}],"replies":[{"embeddable":true,"href":"https:\/\/mallorcainc.com\/de\/wp-json\/wp\/v2\/comments\/?post=8450"}],"version-history":[{"count":1,"href":"https:\/\/mallorcainc.com\/de\/wp-json\/wp\/v2\/pages\/8450\/revisions\/"}],"predecessor-version":[{"id":8452,"href":"https:\/\/mallorcainc.com\/de\/wp-json\/wp\/v2\/pages\/8450\/revisions\/8452\/"}],"wp:attachment":[{"href":"https:\/\/mallorcainc.com\/de\/wp-json\/wp\/v2\/media\/?parent=8450"}],"curies":[{"name":"wp","href":"https:\/\/api.w.org\/{rel}","templated":true}]}}