{"id":8453,"date":"2021-01-14T09:48:04","date_gmt":"2021-01-14T09:48:04","guid":{"rendered":"https:\/\/mallorcainc.com\/?page_id=8453"},"modified":"2021-01-19T17:50:32","modified_gmt":"2021-01-19T17:50:32","slug":"haeufig-gestellte-fragen","status":"publish","type":"page","link":"https:\/\/mallorcainc.com\/de\/haeufig-gestellte-fragen\/","title":{"rendered":"FAQ"},"content":{"rendered":"[vc_row type=&#8220;full_width_background&#8220; full_screen_row_position=&#8220;middle&#8220; column_margin=&#8220;default&#8220; column_direction=&#8220;default&#8220; column_direction_tablet=&#8220;default&#8220; column_direction_phone=&#8220;default&#8220; scene_position=&#8220;center&#8220; top_padding=&#8220;4%&#8220; bottom_padding=&#8220;4%&#8220; text_color=&#8220;dark&#8220; text_align=&#8220;left&#8220; row_border_radius=&#8220;none&#8220; row_border_radius_applies=&#8220;bg&#8220; color_overlay_2=&#8220;rgba(0,0,0,0.08)&#8220; overlay_strength=&#8220;0.5&#8243; gradient_direction=&#8220;top_to_bottom&#8220; shape_divider_position=&#8220;bottom&#8220; bg_image_animation=&#8220;none&#8220; shape_type=&#8220;&#8220;][vc_column column_padding=&#8220;no-extra-padding&#8220; column_padding_tablet=&#8220;inherit&#8220; column_padding_phone=&#8220;inherit&#8220; column_padding_position=&#8220;all&#8220; background_color_opacity=&#8220;1&#8243; background_hover_color_opacity=&#8220;1&#8243; column_shadow=&#8220;none&#8220; column_border_radius=&#8220;none&#8220; column_link_target=&#8220;_self&#8220; gradient_direction=&#8220;left_to_right&#8220; overlay_strength=&#8220;0.3&#8243; width=&#8220;1\/1&#8243; tablet_width_inherit=&#8220;default&#8220; tablet_text_alignment=&#8220;default&#8220; phone_text_alignment=&#8220;default&#8220; column_border_width=&#8220;none&#8220; column_border_style=&#8220;solid&#8220; bg_image_animation=&#8220;none&#8220;][vc_column_text]\n<h2>ICH BIN EIN K\u00c4UFER&#8230;.<\/h2>\n[\/vc_column_text][divider line_type=&#8220;No Line&#8220; custom_height=&#8220;40&#8243;][toggles style=&#8220;minimal&#8220;][toggle color=&#8220;Default&#8220; title=&#8220;Ich m\u00f6chte eine Immobilie kaufen, k\u00f6nnen Sie helfen?&#8220;][vc_column_text]Jawohl! Wir helfen Ihnen bei jedem Schritt. Den genauen Ablauf finden <a href=\"https:\/\/mallorcainc.com\/de\/kontakt\/\">Sie hier.<\/a>[\/vc_column_text][\/toggle][toggle color=&#8220;Default&#8220; title=&#8220;Ich kann selbst\u00e4ndig nach Immobilien suchen, wieso brauche ich Sie?&#8220;][vc_column_text]Tolle Frage! Wir haben Zugriff auf alle Immobilien auf der Insel, verf\u00fcgen \u00fcber ein umfangreiches Netzwerk, das wir f\u00fcr Sie nutzen, und k\u00f6nnen Off-Market- oder sogar Bankgesch\u00e4fte finden.<\/p>\n<p>Noch wichtiger ist,\u00a0<em>wir sind in Ihrem \u201cTeam\u201d<\/em>, um in Ihrem Namen zu verhandeln und sicherzustellen, dass Sie beim Kauf keine b\u00f6sen \u00dcberraschungen erleben.[\/vc_column_text][\/toggle][toggle color=&#8220;Default&#8220; title=&#8220;Was ist ein Makler?&#8220;][vc_column_text]Ein Makler vertritt den K\u00e4ufer bei einer Immobilientransaktion. Der Makler sucht auf dem Markt nach einer Immobilie, die den Bed\u00fcrfnissen des Kunden entspricht.<\/p>\n<p>\u00dcbernimmt ein Immobilienmakler ein Verkaufsmandat, vertritt er den Verk\u00e4ufer der Immobilie und verhandelt ebenfalls im Namen des Verk\u00e4ufers.[\/vc_column_text][\/toggle][toggle color=&#8220;Default&#8220; title=&#8220;K\u00f6nnen Sie mir bei den Einwanderungsbestimmungen helfen?&#8220;][vc_column_text]Wir kennen den b\u00fcrokratischen Frust in Spanien aus erster Hand.<\/p>\n<p>Wir sagen Ihnen, was Sie genau tun m\u00fcssen, und wenn n\u00f6tig, k\u00f6nnen Sie auch andere Experten hinzuziehen, die Sie im ganzen Prozess bis zur Visumserteilung begleiten.[\/vc_column_text][\/toggle][toggle color=&#8220;Default&#8220; title=&#8220;Ich habe ein tolle Immobilie gefunden, aber sie braucht etwas &#8222;Erfrischung&#8222;, k\u00f6nnen Sie helfen?&#8220;][vc_column_text]Wir haben uns mit fantastischen Bauunternehmen, Architekten, Projektmanagern und Handwerkern zusammengetan. Wir k\u00f6nnen Sie durch den ganzen Umbauprozess begleiten.[\/vc_column_text][\/toggle][toggle color=&#8220;Default&#8220; title=&#8220;Ich suche ein Einkommens- (Zins)objekt, k\u00f6nnen Sie helfen?&#8220;][vc_column_text]Es ist eine unserer Spezialit\u00e4ten! Die Mietgesetze haben sich in den letzten Jahren ge\u00e4ndert und viele Gebiete verbieten kurzfristige Vermietungen (z.B. auf AirBnB).<\/p>\n<p>Wir besprechen mit Ihnen alle m\u00f6glichen Optionen und beraten Sie, was Sie wo tun k\u00f6nnen.[\/vc_column_text][\/toggle][toggle color=&#8220;Default&#8220; title=&#8220;Ist es sicher in Spanien ein Haus zu kaufen?&#8220;][vc_column_text]Solange Sie die richtigen Abl\u00e4ufe einhalten, kann der Kauf eines Ferienhauses in Spanien stressfrei und sicher sein.<\/p>\n<p>Das Wichtigste ist, sich von jemandem beraten zu lassen, dem Sie vertrauen und der Ihr Interesse am Herzen liegt.[\/vc_column_text][\/toggle][toggle color=&#8220;Default&#8220; title=&#8220;K\u00f6nnen Sie mir helfen, eine Hypothek zu bekommen?&#8220;][vc_column_text]Absolut! Wir werden Sie durch den Hypothekabschluss begleiten und Sie \u00fcber alle steuerlichen Auswirkungen informieren.<\/p>\n<p>Selbst wenn Sie \u00fcber s\u00e4mtliche Mittel verf\u00fcgen, um Ihre Immobilie zu kaufen, kann es aus steuerlichen Gr\u00fcnden sinnvoll sein, eine Hypothek abzuschlie\u00dfen.[\/vc_column_text][\/toggle][toggle color=&#8220;Default&#8220; title=&#8220;Ich tausche meine Landesw\u00e4hrung in Euro. Was muss ich wissen?&#8220;][vc_column_text]In einigen F\u00e4llen kann der Devisentausch bei Ihrer Bank kostspielig sein!<\/p>\n<p>Es gibt bessere Optionen, die wir in unserer ersten Beratung besprechen werden.[\/vc_column_text][\/toggle][\/toggles][\/vc_column][\/vc_row][vc_row type=&#8220;full_width_background&#8220; full_screen_row_position=&#8220;middle&#8220; column_margin=&#8220;default&#8220; column_direction=&#8220;default&#8220; column_direction_tablet=&#8220;default&#8220; column_direction_phone=&#8220;default&#8220; scene_position=&#8220;center&#8220; top_padding=&#8220;4%&#8220; bottom_padding=&#8220;4%&#8220; text_color=&#8220;dark&#8220; text_align=&#8220;left&#8220; row_border_radius=&#8220;none&#8220; row_border_radius_applies=&#8220;bg&#8220; color_overlay_2=&#8220;rgba(0,0,0,0.08)&#8220; overlay_strength=&#8220;0.5&#8243; gradient_direction=&#8220;top_to_bottom&#8220; shape_divider_position=&#8220;bottom&#8220; bg_image_animation=&#8220;none&#8220; shape_type=&#8220;&#8220;][vc_column column_padding=&#8220;no-extra-padding&#8220; column_padding_tablet=&#8220;inherit&#8220; column_padding_phone=&#8220;inherit&#8220; column_padding_position=&#8220;all&#8220; background_color_opacity=&#8220;1&#8243; background_hover_color_opacity=&#8220;1&#8243; column_shadow=&#8220;none&#8220; column_border_radius=&#8220;none&#8220; column_link_target=&#8220;_self&#8220; gradient_direction=&#8220;left_to_right&#8220; overlay_strength=&#8220;0.3&#8243; width=&#8220;1\/1&#8243; tablet_width_inherit=&#8220;default&#8220; tablet_text_alignment=&#8220;default&#8220; phone_text_alignment=&#8220;default&#8220; column_border_width=&#8220;none&#8220; column_border_style=&#8220;solid&#8220; bg_image_animation=&#8220;none&#8220;][vc_column_text]\n<h2>ICH BIN EIN VERK\u00c4UFER&#8230;<\/h2>\n[\/vc_column_text][divider line_type=&#8220;No Line&#8220; custom_height=&#8220;40&#8243;][toggles style=&#8220;minimal&#8220;][toggle color=&#8220;Default&#8220; title=&#8220;Ich will meine Immobilie verkaufen, wieso soll ich mich an Sie wenden?&#8220;][vc_column_text]Verkaufsberatung \u2013 das ist unser t\u00e4gliches Brot. Die meisten Immobilienmakler werden Ihre Immobilie einfach auf ihre Website stellen und auf das Beste hoffen.<\/p>\n<p>Wir bringen die Vermarktung Ihres Hauses auf eine ganz andere Ebene. Nehmen Sie mit uns Kontakt auf und wir zeigen Ihnen detailliert wie wir vorgehen.[\/vc_column_text][\/toggle][toggle color=&#8220;Default&#8220; title=&#8220;Bei vielen Immobilienmaklern sollte ich mein Haus inserieren lassen?&#8220;][vc_column_text]Wenn Sie Ihr Haus durch zu viele Immobilienmaklern inserieren lassen, wird dies Ihre Chancen auf den Verkauf Ihres Hauses beeintr\u00e4chtigen. Bevor Sie Verpflichtungen eingehen, fragen Sie den Makler genau, was er tun wird, um Ihr Zuhause zu vermarkten (nicht nur auf ihrer Website).[\/vc_column_text][\/toggle][toggle color=&#8220;Default&#8220; title=&#8220;Ich will eine &#8222;Milliarde&#8222; Euro f\u00fcr mein Immobilie! Helfen Sie mir, es zu verkaufen?&#8220;][vc_column_text]Wenn Sie Ihre Immobilie anfangs zu hoch einsch\u00e4tzen, kann sich dies negativ auswirken, und Sie werden auf lange Sicht weniger Geld verdienen. Au\u00dferdem dauert es viel l\u00e4nger, um diese zu verkaufen.<\/p>\n<p>Lassen Sie sich von einem Fachmann beraten und sorgen Sie f\u00fcr einen solides Verkaufsexpos\u00e9.[\/vc_column_text][\/toggle][\/toggles][\/vc_column][\/vc_row]\n","protected":false},"excerpt":{"rendered":"<p>[vc_row type=&#8220;full_width_background&#8220; full_screen_row_position=&#8220;middle&#8220; column_margin=&#8220;default&#8220; column_direction=&#8220;default&#8220; column_direction_tablet=&#8220;default&#8220; column_direction_phone=&#8220;default&#8220; scene_position=&#8220;center&#8220; top_padding=&#8220;4%&#8220; bottom_padding=&#8220;4%&#8220; text_color=&#8220;dark&#8220; text_align=&#8220;left&#8220; row_border_radius=&#8220;none&#8220; row_border_radius_applies=&#8220;bg&#8220; color_overlay_2=&#8220;rgba(0,0,0,0.08)&#8220; overlay_strength=&#8220;0.5&#8243; gradient_direction=&#8220;top_to_bottom&#8220; shape_divider_position=&#8220;bottom&#8220; bg_image_animation=&#8220;none&#8220; shape_type=&#8220;&#8220;][vc_column column_padding=&#8220;no-extra-padding&#8220; column_padding_tablet=&#8220;inherit&#8220; column_padding_phone=&#8220;inherit&#8220; column_padding_position=&#8220;all&#8220; background_color_opacity=&#8220;1&#8243; background_hover_color_opacity=&#8220;1&#8243; column_shadow=&#8220;none&#8220; column_border_radius=&#8220;none&#8220; column_link_target=&#8220;_self&#8220; gradient_direction=&#8220;left_to_right&#8220;&#8230;<\/p>\n","protected":false},"author":1,"featured_media":0,"parent":0,"menu_order":0,"comment_status":"closed","ping_status":"closed","template":"","meta":[],"yoast_head":"<!-- This site is optimized with the Yoast SEO plugin v18.4.1 - https:\/\/yoast.com\/wordpress\/plugins\/seo\/ -->\n<title>FAQ - Mallorca Inc<\/title>\n<meta name=\"robots\" content=\"index, follow, max-snippet:-1, max-image-preview:large, max-video-preview:-1\" \/>\n<link rel=\"canonical\" href=\"https:\/\/mallorcainc.com\/de\/haeufig-gestellte-fragen\/\" \/>\n<meta property=\"og:locale\" content=\"de_DE\" \/>\n<meta property=\"og:type\" content=\"article\" \/>\n<meta property=\"og:title\" content=\"FAQ - Mallorca Inc\" \/>\n<meta property=\"og:description\" content=\"[vc_row type=&#8220;full_width_background&#8220; full_screen_row_position=&#8220;middle&#8220; column_margin=&#8220;default&#8220; column_direction=&#8220;default&#8220; column_direction_tablet=&#8220;default&#8220; column_direction_phone=&#8220;default&#8220; scene_position=&#8220;center&#8220; top_padding=&#8220;4%&#8220; bottom_padding=&#8220;4%&#8220; text_color=&#8220;dark&#8220; text_align=&#8220;left&#8220; row_border_radius=&#8220;none&#8220; row_border_radius_applies=&#8220;bg&#8220; color_overlay_2=&#8220;rgba(0,0,0,0.08)&#8220; overlay_strength=&#8220;0.5&#8243; gradient_direction=&#8220;top_to_bottom&#8220; shape_divider_position=&#8220;bottom&#8220; bg_image_animation=&#8220;none&#8220; shape_type=&#8220;&#8220;][vc_column column_padding=&#8220;no-extra-padding&#8220; column_padding_tablet=&#8220;inherit&#8220; column_padding_phone=&#8220;inherit&#8220; column_padding_position=&#8220;all&#8220; background_color_opacity=&#8220;1&#8243; background_hover_color_opacity=&#8220;1&#8243; column_shadow=&#8220;none&#8220; column_border_radius=&#8220;none&#8220; column_link_target=&#8220;_self&#8220; gradient_direction=&#8220;left_to_right&#8220;...\" \/>\n<meta property=\"og:url\" content=\"https:\/\/mallorcainc.com\/de\/haeufig-gestellte-fragen\/\" \/>\n<meta property=\"og:site_name\" content=\"Mallorca Inc\" \/>\n<meta property=\"article:modified_time\" content=\"2021-01-19T17:50:32+00:00\" \/>\n<meta name=\"twitter:card\" content=\"summary_large_image\" \/>\n<meta name=\"twitter:label1\" content=\"Gesch\u00e4tzte Lesezeit\" \/>\n\t<meta name=\"twitter:data1\" content=\"5\u00a0Minuten\" \/>\n<script type=\"application\/ld+json\" class=\"yoast-schema-graph\">{\"@context\":\"https:\/\/schema.org\",\"@graph\":[{\"@type\":\"WebSite\",\"@id\":\"https:\/\/mallorcainc.com\/de\/#website\",\"url\":\"https:\/\/mallorcainc.com\/de\/\",\"name\":\"Mallorca Inc\",\"description\":\"Real Estate Mallorca\",\"potentialAction\":[{\"@type\":\"SearchAction\",\"target\":{\"@type\":\"EntryPoint\",\"urlTemplate\":\"https:\/\/mallorcainc.com\/de\/?s={search_term_string}\"},\"query-input\":\"required name=search_term_string\"}],\"inLanguage\":\"de\"},{\"@type\":\"WebPage\",\"@id\":\"https:\/\/mallorcainc.com\/de\/haeufig-gestellte-fragen\/#webpage\",\"url\":\"https:\/\/mallorcainc.com\/de\/haeufig-gestellte-fragen\/\",\"name\":\"FAQ - Mallorca Inc\",\"isPartOf\":{\"@id\":\"https:\/\/mallorcainc.com\/de\/#website\"},\"datePublished\":\"2021-01-14T09:48:04+00:00\",\"dateModified\":\"2021-01-19T17:50:32+00:00\",\"breadcrumb\":{\"@id\":\"https:\/\/mallorcainc.com\/de\/haeufig-gestellte-fragen\/#breadcrumb\"},\"inLanguage\":\"de\",\"potentialAction\":[{\"@type\":\"ReadAction\",\"target\":[\"https:\/\/mallorcainc.com\/de\/haeufig-gestellte-fragen\/\"]}]},{\"@type\":\"BreadcrumbList\",\"@id\":\"https:\/\/mallorcainc.com\/de\/haeufig-gestellte-fragen\/#breadcrumb\",\"itemListElement\":[{\"@type\":\"ListItem\",\"position\":1,\"name\":\"Home\",\"item\":\"https:\/\/mallorcainc.com\/de\/\"},{\"@type\":\"ListItem\",\"position\":2,\"name\":\"FAQ\"}]}]}<\/script>\n<!-- \/ Yoast SEO plugin. -->","yoast_head_json":{"title":"FAQ - Mallorca Inc","robots":{"index":"index","follow":"follow","max-snippet":"max-snippet:-1","max-image-preview":"max-image-preview:large","max-video-preview":"max-video-preview:-1"},"canonical":"https:\/\/mallorcainc.com\/de\/haeufig-gestellte-fragen\/","og_locale":"de_DE","og_type":"article","og_title":"FAQ - Mallorca Inc","og_description":"[vc_row type=&#8220;full_width_background&#8220; full_screen_row_position=&#8220;middle&#8220; column_margin=&#8220;default&#8220; column_direction=&#8220;default&#8220; column_direction_tablet=&#8220;default&#8220; column_direction_phone=&#8220;default&#8220; scene_position=&#8220;center&#8220; top_padding=&#8220;4%&#8220; bottom_padding=&#8220;4%&#8220; text_color=&#8220;dark&#8220; text_align=&#8220;left&#8220; row_border_radius=&#8220;none&#8220; row_border_radius_applies=&#8220;bg&#8220; color_overlay_2=&#8220;rgba(0,0,0,0.08)&#8220; overlay_strength=&#8220;0.5&#8243; gradient_direction=&#8220;top_to_bottom&#8220; shape_divider_position=&#8220;bottom&#8220; bg_image_animation=&#8220;none&#8220; shape_type=&#8220;&#8220;][vc_column column_padding=&#8220;no-extra-padding&#8220; column_padding_tablet=&#8220;inherit&#8220; column_padding_phone=&#8220;inherit&#8220; column_padding_position=&#8220;all&#8220; background_color_opacity=&#8220;1&#8243; background_hover_color_opacity=&#8220;1&#8243; column_shadow=&#8220;none&#8220; column_border_radius=&#8220;none&#8220; column_link_target=&#8220;_self&#8220; gradient_direction=&#8220;left_to_right&#8220;...","og_url":"https:\/\/mallorcainc.com\/de\/haeufig-gestellte-fragen\/","og_site_name":"Mallorca Inc","article_modified_time":"2021-01-19T17:50:32+00:00","twitter_card":"summary_large_image","twitter_misc":{"Gesch\u00e4tzte Lesezeit":"5\u00a0Minuten"},"schema":{"@context":"https:\/\/schema.org","@graph":[{"@type":"WebSite","@id":"https:\/\/mallorcainc.com\/de\/#website","url":"https:\/\/mallorcainc.com\/de\/","name":"Mallorca Inc","description":"Real Estate Mallorca","potentialAction":[{"@type":"SearchAction","target":{"@type":"EntryPoint","urlTemplate":"https:\/\/mallorcainc.com\/de\/?s={search_term_string}"},"query-input":"required name=search_term_string"}],"inLanguage":"de"},{"@type":"WebPage","@id":"https:\/\/mallorcainc.com\/de\/haeufig-gestellte-fragen\/#webpage","url":"https:\/\/mallorcainc.com\/de\/haeufig-gestellte-fragen\/","name":"FAQ - Mallorca Inc","isPartOf":{"@id":"https:\/\/mallorcainc.com\/de\/#website"},"datePublished":"2021-01-14T09:48:04+00:00","dateModified":"2021-01-19T17:50:32+00:00","breadcrumb":{"@id":"https:\/\/mallorcainc.com\/de\/haeufig-gestellte-fragen\/#breadcrumb"},"inLanguage":"de","potentialAction":[{"@type":"ReadAction","target":["https:\/\/mallorcainc.com\/de\/haeufig-gestellte-fragen\/"]}]},{"@type":"BreadcrumbList","@id":"https:\/\/mallorcainc.com\/de\/haeufig-gestellte-fragen\/#breadcrumb","itemListElement":[{"@type":"ListItem","position":1,"name":"Home","item":"https:\/\/mallorcainc.com\/de\/"},{"@type":"ListItem","position":2,"name":"FAQ"}]}]}},"_links":{"self":[{"href":"https:\/\/mallorcainc.com\/de\/wp-json\/wp\/v2\/pages\/8453\/"}],"collection":[{"href":"https:\/\/mallorcainc.com\/de\/wp-json\/wp\/v2\/pages\/"}],"about":[{"href":"https:\/\/mallorcainc.com\/de\/wp-json\/wp\/v2\/types\/page\/"}],"author":[{"embeddable":true,"href":"https:\/\/mallorcainc.com\/de\/wp-json\/wp\/v2\/users\/1\/"}],"replies":[{"embeddable":true,"href":"https:\/\/mallorcainc.com\/de\/wp-json\/wp\/v2\/comments\/?post=8453"}],"version-history":[{"count":2,"href":"https:\/\/mallorcainc.com\/de\/wp-json\/wp\/v2\/pages\/8453\/revisions\/"}],"predecessor-version":[{"id":11427,"href":"https:\/\/mallorcainc.com\/de\/wp-json\/wp\/v2\/pages\/8453\/revisions\/11427\/"}],"wp:attachment":[{"href":"https:\/\/mallorcainc.com\/de\/wp-json\/wp\/v2\/media\/?parent=8453"}],"curies":[{"name":"wp","href":"https:\/\/api.w.org\/{rel}","templated":true}]}}