{"id":8461,"date":"2021-01-14T09:58:29","date_gmt":"2021-01-14T09:58:29","guid":{"rendered":"https:\/\/mallorcainc.com\/?page_id=8461"},"modified":"2021-01-14T09:58:29","modified_gmt":"2021-01-14T09:58:29","slug":"haeufig-gestellte-fragen-des-maklers","status":"publish","type":"page","link":"https:\/\/mallorcainc.com\/de\/haeufig-gestellte-fragen-des-maklers\/","title":{"rendered":"H\u00c4UFIG GESTELLTE FRAGEN DES MAKLERS"},"content":{"rendered":"[vc_row type=&#8220;full_width_background&#8220; full_screen_row_position=&#8220;middle&#8220; column_margin=&#8220;default&#8220; column_direction=&#8220;default&#8220; column_direction_tablet=&#8220;default&#8220; column_direction_phone=&#8220;default&#8220; scene_position=&#8220;center&#8220; top_padding=&#8220;4%&#8220; bottom_padding=&#8220;4%&#8220; text_color=&#8220;dark&#8220; text_align=&#8220;left&#8220; row_border_radius=&#8220;none&#8220; row_border_radius_applies=&#8220;bg&#8220; color_overlay_2=&#8220;rgba(0,0,0,0.08)&#8220; overlay_strength=&#8220;0.5&#8243; gradient_direction=&#8220;top_to_bottom&#8220; shape_divider_position=&#8220;bottom&#8220; bg_image_animation=&#8220;none&#8220; shape_type=&#8220;&#8220;][vc_column column_padding=&#8220;no-extra-padding&#8220; column_padding_tablet=&#8220;inherit&#8220; column_padding_phone=&#8220;inherit&#8220; column_padding_position=&#8220;all&#8220; background_color_opacity=&#8220;1&#8243; background_hover_color_opacity=&#8220;1&#8243; column_shadow=&#8220;none&#8220; column_border_radius=&#8220;none&#8220; column_link_target=&#8220;_self&#8220; gradient_direction=&#8220;left_to_right&#8220; overlay_strength=&#8220;0.3&#8243; width=&#8220;1\/1&#8243; tablet_width_inherit=&#8220;default&#8220; tablet_text_alignment=&#8220;default&#8220; phone_text_alignment=&#8220;default&#8220; column_border_width=&#8220;none&#8220; column_border_style=&#8220;solid&#8220; bg_image_animation=&#8220;none&#8220;][vc_column_text]\n<h2>ES IST EINE &#8222;JEDER FRISST JEDEN&#8220; WELT DA DRAUSSEN&#8230;<\/h2>\n<h4><em><span class=\"tlid-translation translation\" lang=\"de\"><span class=\"\" title=\"\">ABER WIR GLAUBEN NICHT, DASS ES SO SEIN MUSS.<\/span><\/span><\/em><\/h4>\n<p><span class=\"tlid-translation translation\" lang=\"de\"><span title=\"\">Wir k\u00f6nnen zusammenarbeiten und unseren Kunden helfen, im ganzen Prozess eine gute Erfahrung zu machen!<\/span><\/span>[\/vc_column_text][divider line_type=&#8220;No Line&#8220; custom_height=&#8220;40&#8243;][toggles style=&#8220;minimal&#8220;][toggle color=&#8220;Default&#8220; title=&#8220;Oh nein, eine andere Immobilienagentur? Warum sollte dies mich k\u00fcmmern?&#8220;][vc_column_text]Wir glauben, dass wir gemeinsam mehr erreichen k\u00f6nnen! Wir wollen diesen Markt zum Besseren ver\u00e4ndern und mit allen Immobilienfachleuten zusammenarbeiten.<\/p>\n<p>Unser Versprechen an Sie:<\/p>\n<ul>\n<li>Wir werden niemals etwas hinter Ihrem R\u00fccken tun.<\/li>\n<li>Wir stehlen weder Ihre Kunden noch Ihre Immobilienangebote.<\/li>\n<li>Wir werden das Richtige tun. Immer.<\/li>\n<\/ul>\n[\/vc_column_text][\/toggle][toggle color=&#8220;Default&#8220; title=&#8220;Wo seid ihr anders?&#8220;][vc_column_text]Nun, wir sprechen nicht nur von Ehrlichkeit und Integrit\u00e4t, wir leben dies auch.Wir sind nicht hier, um Ihre Kunden zu stehlen, hinter Ihren R\u00fccken zu agieren oder sonst ein falsches Spiel zu spielen.<\/p>\n<p>Lasst uns zusammenarbeiten und unsere Kunden gl\u00fccklich machen![\/vc_column_text][\/toggle][toggle color=&#8220;Default&#8220; title=&#8220;Arbeitet ihr mit anderen Maklern?&#8220;][vc_column_text]Wenn die Immo-Referenznummer mit einem \u201cD\u201d beginnt, dann lasst uns zusammenarbeiten!<\/p>\n<p>Wir werden mit jedem arbeiten und teilen 50\/50. Das ist nur fair! ?[\/vc_column_text][\/toggle][toggle color=&#8220;Default&#8220; title=&#8220;Ich habe einen Kunden, der eines ihrer Immobilien sehen m\u00f6chte.&#8220;][vc_column_text]Gro\u00dfartig! Wir werden versuchen, Sie auch f\u00fcr Ihren Kunden wie einen Rockstar aussehen zu lassen!<\/p>\n<p>Wir versprechen gro\u00dfartigen Service und schnelle R\u00fcckantworten.<\/p>\n<p>Lass uns zusammenarbeiten und Ihre Kunden super gl\u00fccklich machen! Solange wir einen direkten Zugang zu Ihrem Kunden haben, teilen wir gerne die Provision 50\/50.[\/vc_column_text][\/toggle][toggle color=&#8220;Default&#8220; title=&#8220;Kann ich eines Ihrer Immobilien vermarkten?&#8220;][vc_column_text]Solange die Referenznummer mit einem\u00a0 \u201cD\u201d beginnt \u2013 selbverst\u00e4ndlich!<\/p>\n<p>Wir werden die Provision in der Mitte aufteilen.<\/p>\n<p>Wenn die Referenznummer mit einem \u201cC\u201d beginnt, bewerben wir die Immobilie f\u00fcr einen anderen Makler und m\u00fcssen r\u00fcckfragen, ob Sie ebenfalls dies tun k\u00f6nnen. Bitte vermarkten Sie diese deshalb nicht, es sei denn, Sie sprechen zuerst mit uns.[\/vc_column_text][\/toggle][toggle color=&#8220;Default&#8220; title=&#8220;Sie haben einen K\u00e4ufer f\u00fcr eine meiner Immobilien?&#8220;][vc_column_text]Unser Hauptaugenmerk liegt auf der Suche nach Kunden, die auf Mallorca eine Immobilie kaufen m\u00f6chten, und wir ben\u00f6tigen Zugang zu Immobilienangeboten.<\/p>\n<p>Lassen Sie uns die Transaktion gemeinsam durchf\u00fchren und den Kunden gl\u00fccklich machen! Wir teilen die Provision 50\/50.[\/vc_column_text][\/toggle][toggle color=&#8220;Default&#8220; title=&#8220;Ich denke daran, etwas unseri\u00f6ses zu tun&#8230;.&#8220;][vc_column_text]Vertrauen ist alles. Tun Sie es nicht und wir selbstverst\u00e4ndlich auch nicht.[\/vc_column_text][\/toggle][\/toggles][\/vc_column][\/vc_row]\n","protected":false},"excerpt":{"rendered":"<p>[vc_row type=&#8220;full_width_background&#8220; full_screen_row_position=&#8220;middle&#8220; column_margin=&#8220;default&#8220; column_direction=&#8220;default&#8220; column_direction_tablet=&#8220;default&#8220; column_direction_phone=&#8220;default&#8220; scene_position=&#8220;center&#8220; top_padding=&#8220;4%&#8220; bottom_padding=&#8220;4%&#8220; text_color=&#8220;dark&#8220; text_align=&#8220;left&#8220; row_border_radius=&#8220;none&#8220; row_border_radius_applies=&#8220;bg&#8220; color_overlay_2=&#8220;rgba(0,0,0,0.08)&#8220; overlay_strength=&#8220;0.5&#8243; gradient_direction=&#8220;top_to_bottom&#8220; shape_divider_position=&#8220;bottom&#8220; bg_image_animation=&#8220;none&#8220; shape_type=&#8220;&#8220;][vc_column column_padding=&#8220;no-extra-padding&#8220; column_padding_tablet=&#8220;inherit&#8220; column_padding_phone=&#8220;inherit&#8220; column_padding_position=&#8220;all&#8220; background_color_opacity=&#8220;1&#8243; background_hover_color_opacity=&#8220;1&#8243; column_shadow=&#8220;none&#8220; column_border_radius=&#8220;none&#8220; column_link_target=&#8220;_self&#8220; gradient_direction=&#8220;left_to_right&#8220;&#8230;<\/p>\n","protected":false},"author":1,"featured_media":0,"parent":0,"menu_order":0,"comment_status":"closed","ping_status":"closed","template":"","meta":[],"yoast_head":"<!-- This site is optimized with the Yoast SEO plugin v18.4.1 - https:\/\/yoast.com\/wordpress\/plugins\/seo\/ -->\n<title>H\u00c4UFIG GESTELLTE FRAGEN DES MAKLERS - Mallorca Inc<\/title>\n<meta name=\"robots\" content=\"index, follow, max-snippet:-1, max-image-preview:large, max-video-preview:-1\" \/>\n<link rel=\"canonical\" href=\"https:\/\/mallorcainc.com\/de\/haeufig-gestellte-fragen-des-maklers\/\" \/>\n<meta property=\"og:locale\" content=\"de_DE\" \/>\n<meta property=\"og:type\" content=\"article\" \/>\n<meta property=\"og:title\" content=\"H\u00c4UFIG GESTELLTE FRAGEN DES MAKLERS - Mallorca Inc\" \/>\n<meta property=\"og:description\" content=\"[vc_row type=&#8220;full_width_background&#8220; full_screen_row_position=&#8220;middle&#8220; column_margin=&#8220;default&#8220; column_direction=&#8220;default&#8220; column_direction_tablet=&#8220;default&#8220; column_direction_phone=&#8220;default&#8220; scene_position=&#8220;center&#8220; top_padding=&#8220;4%&#8220; bottom_padding=&#8220;4%&#8220; text_color=&#8220;dark&#8220; text_align=&#8220;left&#8220; row_border_radius=&#8220;none&#8220; row_border_radius_applies=&#8220;bg&#8220; color_overlay_2=&#8220;rgba(0,0,0,0.08)&#8220; overlay_strength=&#8220;0.5&#8243; gradient_direction=&#8220;top_to_bottom&#8220; shape_divider_position=&#8220;bottom&#8220; bg_image_animation=&#8220;none&#8220; shape_type=&#8220;&#8220;][vc_column column_padding=&#8220;no-extra-padding&#8220; column_padding_tablet=&#8220;inherit&#8220; column_padding_phone=&#8220;inherit&#8220; column_padding_position=&#8220;all&#8220; background_color_opacity=&#8220;1&#8243; background_hover_color_opacity=&#8220;1&#8243; column_shadow=&#8220;none&#8220; column_border_radius=&#8220;none&#8220; column_link_target=&#8220;_self&#8220; gradient_direction=&#8220;left_to_right&#8220;...\" \/>\n<meta property=\"og:url\" content=\"https:\/\/mallorcainc.com\/de\/haeufig-gestellte-fragen-des-maklers\/\" \/>\n<meta property=\"og:site_name\" content=\"Mallorca Inc\" \/>\n<meta name=\"twitter:card\" content=\"summary_large_image\" \/>\n<meta name=\"twitter:label1\" content=\"Gesch\u00e4tzte Lesezeit\" \/>\n\t<meta name=\"twitter:data1\" content=\"3\u00a0Minuten\" \/>\n<script type=\"application\/ld+json\" class=\"yoast-schema-graph\">{\"@context\":\"https:\/\/schema.org\",\"@graph\":[{\"@type\":\"WebSite\",\"@id\":\"https:\/\/mallorcainc.com\/de\/#website\",\"url\":\"https:\/\/mallorcainc.com\/de\/\",\"name\":\"Mallorca Inc\",\"description\":\"Real Estate Mallorca\",\"potentialAction\":[{\"@type\":\"SearchAction\",\"target\":{\"@type\":\"EntryPoint\",\"urlTemplate\":\"https:\/\/mallorcainc.com\/de\/?s={search_term_string}\"},\"query-input\":\"required name=search_term_string\"}],\"inLanguage\":\"de\"},{\"@type\":\"WebPage\",\"@id\":\"https:\/\/mallorcainc.com\/de\/haeufig-gestellte-fragen-des-maklers\/#webpage\",\"url\":\"https:\/\/mallorcainc.com\/de\/haeufig-gestellte-fragen-des-maklers\/\",\"name\":\"H\u00c4UFIG GESTELLTE FRAGEN DES MAKLERS - Mallorca Inc\",\"isPartOf\":{\"@id\":\"https:\/\/mallorcainc.com\/de\/#website\"},\"datePublished\":\"2021-01-14T09:58:29+00:00\",\"dateModified\":\"2021-01-14T09:58:29+00:00\",\"breadcrumb\":{\"@id\":\"https:\/\/mallorcainc.com\/de\/haeufig-gestellte-fragen-des-maklers\/#breadcrumb\"},\"inLanguage\":\"de\",\"potentialAction\":[{\"@type\":\"ReadAction\",\"target\":[\"https:\/\/mallorcainc.com\/de\/haeufig-gestellte-fragen-des-maklers\/\"]}]},{\"@type\":\"BreadcrumbList\",\"@id\":\"https:\/\/mallorcainc.com\/de\/haeufig-gestellte-fragen-des-maklers\/#breadcrumb\",\"itemListElement\":[{\"@type\":\"ListItem\",\"position\":1,\"name\":\"Home\",\"item\":\"https:\/\/mallorcainc.com\/de\/\"},{\"@type\":\"ListItem\",\"position\":2,\"name\":\"H\u00c4UFIG GESTELLTE FRAGEN DES MAKLERS\"}]}]}<\/script>\n<!-- \/ Yoast SEO plugin. -->","yoast_head_json":{"title":"H\u00c4UFIG GESTELLTE FRAGEN DES MAKLERS - Mallorca Inc","robots":{"index":"index","follow":"follow","max-snippet":"max-snippet:-1","max-image-preview":"max-image-preview:large","max-video-preview":"max-video-preview:-1"},"canonical":"https:\/\/mallorcainc.com\/de\/haeufig-gestellte-fragen-des-maklers\/","og_locale":"de_DE","og_type":"article","og_title":"H\u00c4UFIG GESTELLTE FRAGEN DES MAKLERS - Mallorca Inc","og_description":"[vc_row type=&#8220;full_width_background&#8220; full_screen_row_position=&#8220;middle&#8220; column_margin=&#8220;default&#8220; column_direction=&#8220;default&#8220; column_direction_tablet=&#8220;default&#8220; column_direction_phone=&#8220;default&#8220; scene_position=&#8220;center&#8220; top_padding=&#8220;4%&#8220; bottom_padding=&#8220;4%&#8220; text_color=&#8220;dark&#8220; text_align=&#8220;left&#8220; row_border_radius=&#8220;none&#8220; row_border_radius_applies=&#8220;bg&#8220; color_overlay_2=&#8220;rgba(0,0,0,0.08)&#8220; overlay_strength=&#8220;0.5&#8243; gradient_direction=&#8220;top_to_bottom&#8220; shape_divider_position=&#8220;bottom&#8220; bg_image_animation=&#8220;none&#8220; shape_type=&#8220;&#8220;][vc_column column_padding=&#8220;no-extra-padding&#8220; column_padding_tablet=&#8220;inherit&#8220; column_padding_phone=&#8220;inherit&#8220; column_padding_position=&#8220;all&#8220; background_color_opacity=&#8220;1&#8243; background_hover_color_opacity=&#8220;1&#8243; column_shadow=&#8220;none&#8220; column_border_radius=&#8220;none&#8220; column_link_target=&#8220;_self&#8220; gradient_direction=&#8220;left_to_right&#8220;...","og_url":"https:\/\/mallorcainc.com\/de\/haeufig-gestellte-fragen-des-maklers\/","og_site_name":"Mallorca Inc","twitter_card":"summary_large_image","twitter_misc":{"Gesch\u00e4tzte Lesezeit":"3\u00a0Minuten"},"schema":{"@context":"https:\/\/schema.org","@graph":[{"@type":"WebSite","@id":"https:\/\/mallorcainc.com\/de\/#website","url":"https:\/\/mallorcainc.com\/de\/","name":"Mallorca Inc","description":"Real Estate Mallorca","potentialAction":[{"@type":"SearchAction","target":{"@type":"EntryPoint","urlTemplate":"https:\/\/mallorcainc.com\/de\/?s={search_term_string}"},"query-input":"required name=search_term_string"}],"inLanguage":"de"},{"@type":"WebPage","@id":"https:\/\/mallorcainc.com\/de\/haeufig-gestellte-fragen-des-maklers\/#webpage","url":"https:\/\/mallorcainc.com\/de\/haeufig-gestellte-fragen-des-maklers\/","name":"H\u00c4UFIG GESTELLTE FRAGEN DES MAKLERS - Mallorca Inc","isPartOf":{"@id":"https:\/\/mallorcainc.com\/de\/#website"},"datePublished":"2021-01-14T09:58:29+00:00","dateModified":"2021-01-14T09:58:29+00:00","breadcrumb":{"@id":"https:\/\/mallorcainc.com\/de\/haeufig-gestellte-fragen-des-maklers\/#breadcrumb"},"inLanguage":"de","potentialAction":[{"@type":"ReadAction","target":["https:\/\/mallorcainc.com\/de\/haeufig-gestellte-fragen-des-maklers\/"]}]},{"@type":"BreadcrumbList","@id":"https:\/\/mallorcainc.com\/de\/haeufig-gestellte-fragen-des-maklers\/#breadcrumb","itemListElement":[{"@type":"ListItem","position":1,"name":"Home","item":"https:\/\/mallorcainc.com\/de\/"},{"@type":"ListItem","position":2,"name":"H\u00c4UFIG GESTELLTE FRAGEN DES MAKLERS"}]}]}},"_links":{"self":[{"href":"https:\/\/mallorcainc.com\/de\/wp-json\/wp\/v2\/pages\/8461\/"}],"collection":[{"href":"https:\/\/mallorcainc.com\/de\/wp-json\/wp\/v2\/pages\/"}],"about":[{"href":"https:\/\/mallorcainc.com\/de\/wp-json\/wp\/v2\/types\/page\/"}],"author":[{"embeddable":true,"href":"https:\/\/mallorcainc.com\/de\/wp-json\/wp\/v2\/users\/1\/"}],"replies":[{"embeddable":true,"href":"https:\/\/mallorcainc.com\/de\/wp-json\/wp\/v2\/comments\/?post=8461"}],"version-history":[{"count":1,"href":"https:\/\/mallorcainc.com\/de\/wp-json\/wp\/v2\/pages\/8461\/revisions\/"}],"predecessor-version":[{"id":8465,"href":"https:\/\/mallorcainc.com\/de\/wp-json\/wp\/v2\/pages\/8461\/revisions\/8465\/"}],"wp:attachment":[{"href":"https:\/\/mallorcainc.com\/de\/wp-json\/wp\/v2\/media\/?parent=8461"}],"curies":[{"name":"wp","href":"https:\/\/api.w.org\/{rel}","templated":true}]}}